{"id":1851,"date":"2020-01-31T12:11:57","date_gmt":"2020-01-31T11:11:57","guid":{"rendered":"https:\/\/croupiers.com\/?page_id=1851"},"modified":"2026-04-13T20:36:50","modified_gmt":"2026-04-13T18:36:50","slug":"croupiers-dealers","status":"publish","type":"page","link":"https:\/\/croupiers.com\/en\/casino-service\/croupiers-dealers\/","title":{"rendered":"Croupiers &#038; Casino Dealers"},"content":{"rendered":"<div class=\"wpb-content-wrapper\"><p>[vc_row][vc_column width=&#8221;1\/2&#8243;][vc_column_text css=&#8221;&#8221;]<\/p>\n<h4 class=\"art-PostHeader moduletitle\"><em><span style=\"color: #ff0000;\">Casino and Poker Dealers Service<\/span><\/em><\/h4>\n<p><em>A selected quality Casino Staff from Table Games Dealer to Managers and Texas Hold&#8217;em Poker Dealers Team, <\/em><em>provided by Centro Formazione Croupier Global Recruitment.<\/em><\/p>\n<p><em>Casinos, Live and Online, Ships, Poker Tounaments, Club&#8217;s, Yachts&#8230;<\/em><\/p>\n<p><em>Hospitality, Events, Party, Weddings&#8230;<\/em><\/p>\n<p><em>Seasonal poker dealers all around the world<\/em><\/p>\n<p><em>Recruitment and set up staff for any location<\/em><\/p>\n<p><em>The Agency of Top Dealers in the world ; USA, Europe, Asia<\/em><\/p>\n<p><em>Croupiers poker dealer service 24h in Hotels, Villas, House private<\/em><\/p>\n<p><em>Privacy and \u00a0high level professionals top dealers 24h\u00a0VIP service<\/em><\/p>\n<p><em>Concierge, luxury casino tables, poker service<\/em><\/p>\n<p>High Rollers Poker Club<\/p>\n<p><em>SuperYachts Jet and Limousine. Superluxury weddings service.<\/em><\/p>\n<p><em>Private Poker Dealers on call<\/em><\/p>\n<p><em>Stefano +39 3485140633 \u00a0stefano@croupiers.com<\/em>[\/vc_column_text][\/vc_column][vc_column width=&#8221;1\/2&#8243;][vc_gallery interval=&#8221;3&#8243; images=&#8221;9446,9445,8954,9032,1200,1198&#8243; img_size=&#8221;full&#8221; css=&#8221;&#8221;][\/vc_column][\/vc_row][vc_row][vc_column][vc_column_text css=&#8221;&#8221;]<\/p>\n<h4 id=\"tw-target-text\" class=\"tw-data-text tw-text-large tw-ta\" dir=\"ltr\" style=\"text-align: center;\" tabindex=\"-1\" role=\"text\" data-placeholder=\"Traduzione\" data-ved=\"2ahUKEwjG0vyp0KaSAxVxhP0HHWwIA2YQ3ewLegQIDBAW\" aria-label=\"Testo tradotto: Casino gaming tables for rent can also be found in shopping centers. The quality of our equipment, however, is absolutely exclusive. Aside from that, have you underestimated the staff? The real croupiers? This is the most delicate and important aspect of your event, your evening, and your investment: the staff. Remember that a single operator hired to make up the numbers, at the last minute, on social media, or who isn't up to par can quickly ruin the entire production, leaving a poor and inappropriate impression. This is why the CFC relies on Stefano Melani for all casting calls, selections, and thorough checks of the team's CVs, education, and technical skills. Our Manager has extensive and consolidated experience in fashion, film, and theater and is able to guarantee any standard, especially high-quality ones. The details that distinguish our productions are the result of decades of experience.\"><strong><em><span class=\"Y2IQFc\" lang=\"en\"><span style=\"color: #0000ff;\">The Staff, the Croupiers , the Artists<\/span> <\/span><\/em><\/strong><\/h4>\n<p class=\"tw-data-text tw-text-large tw-ta\" dir=\"ltr\" tabindex=\"-1\" role=\"text\" data-placeholder=\"Traduzione\" data-ved=\"2ahUKEwjG0vyp0KaSAxVxhP0HHWwIA2YQ3ewLegQIDBAW\" aria-label=\"Testo tradotto: Casino gaming tables for rent can also be found in shopping centers. The quality of our equipment, however, is absolutely exclusive. Aside from that, have you underestimated the staff? The real croupiers? This is the most delicate and important aspect of your event, your evening, and your investment: the staff. Remember that a single operator hired to make up the numbers, at the last minute, on social media, or who isn't up to par can quickly ruin the entire production, leaving a poor and inappropriate impression. This is why the CFC relies on Stefano Melani for all casting calls, selections, and thorough checks of the team's CVs, education, and technical skills. Our Manager has extensive and consolidated experience in fashion, film, and theater and is able to guarantee any standard, especially high-quality ones. The details that distinguish our productions are the result of decades of experience.\"><em><span class=\"Y2IQFc\" lang=\"en\">Casino gaming tables for rent can also be found in shopping centers. The quality of our equipment, however, is absolutely exclusive. Aside from that, have you underestimated the staff? The real croupiers? This is the most delicate and important aspect of your event, your evening, and your investment: the staff. Remember that a single operator hired to make up the numbers, at the last minute, on social media, or who isn&#8217;t up to par can quickly ruin the entire production, leaving a poor and inappropriate impression. This is why the CFC relies on Stefano Melani for all casting calls, selections, and thorough checks of the team&#8217;s CVs, education, and technical skills. Our Manager has extensive and consolidated experience in fashion, film, and theater and is able to guarantee any standard, especially high-quality ones. The details that distinguish our productions are the result of decades of experiences.<\/span><\/em><\/p>\n<p>[\/vc_column_text][\/vc_column][\/vc_row][vc_row][vc_column][vc_images_carousel images=&#8221;9446,9409,9346,7710,9032,8954,7708,7793,7739,9445,9410&#8243; img_size=&#8221;medium&#8221; speed=&#8221;2000&#8243; slides_per_view=&#8221;3&#8243; autoplay=&#8221;yes&#8221; hide_pagination_control=&#8221;yes&#8221; wrap=&#8221;yes&#8221; css_animation=&#8221;left-to-right&#8221; css=&#8221;&#8221;][\/vc_column][\/vc_row][vc_row][vc_column][vc_column_text css=&#8221;&#8221;]<\/p>\n<h4 style=\"text-align: center;\"><span style=\"color: #ff0000;\"><strong><em>Les Croupiers<\/em><\/strong><\/span><\/h4>\n<p id=\"tw-target-text\" class=\"tw-data-text tw-text-large tw-ta\" dir=\"ltr\" tabindex=\"-1\" role=\"text\" data-placeholder=\"Traduzione\" data-ved=\"2ahUKEwjG0vyp0KaSAxVxhP0HHWwIA2YQ3ewLegQIDBAW\" aria-label=\"Testo tradotto: On trouve \u00e9galement des tables de jeux de casino \u00e0 louer dans les centres commerciaux. Cependant, la qualit\u00e9 de notre mat\u00e9riel est absolument exclusive. Par ailleurs, avez-vous sous-estim\u00e9 l'importance du personnel\u00a0? Des croupiers professionnels\u00a0? C'est l'aspect le plus d\u00e9licat et le plus important de votre \u00e9v\u00e9nement, de votre soir\u00e9e et de votre investissement\u00a0: le personnel. N'oubliez pas qu'un seul op\u00e9rateur, embauch\u00e9 \u00e0 la derni\u00e8re minute pour faire le nombre, pour les r\u00e9seaux sociaux, ou qui n'est pas \u00e0 la hauteur, peut rapidement ruiner toute la production et laisser une impression n\u00e9gative. C'est pourquoi le CFC fait appel \u00e0 Stefano Melani pour tous les castings, les s\u00e9lections et la v\u00e9rification approfondie des CV, des formations et des comp\u00e9tences techniques de l'\u00e9quipe. Notre directeur poss\u00e8de une vaste exp\u00e9rience dans la mode, le cin\u00e9ma et le th\u00e9\u00e2tre et est en mesure de garantir tous les standards, et notamment les plus \u00e9lev\u00e9s. Les d\u00e9tails qui distinguent nos productions sont le fruit de plusieurs d\u00e9cennies d'exp\u00e9rience.\"><em><span class=\"Y2IQFc\" lang=\"fr\">On trouve \u00e9galement des tables de jeux de casino \u00e0 louer dans les centres commerciaux. Cependant, la qualit\u00e9 de notre mat\u00e9riel est absolument exclusive. Par ailleurs, avez-vous sous-estim\u00e9 l&#8217;importance du personnel\u00a0? Des croupiers professionnels\u00a0? C&#8217;est l&#8217;aspect le plus d\u00e9licat et le plus important de votre \u00e9v\u00e9nement, de votre soir\u00e9e et de votre investissement\u00a0: le personnel. N&#8217;oubliez pas qu&#8217;un seul op\u00e9rateur, embauch\u00e9 \u00e0 la derni\u00e8re minute pour faire le nombre, pour les r\u00e9seaux sociaux, ou qui n&#8217;est pas \u00e0 la hauteur, peut rapidement ruiner toute la production et laisser une impression n\u00e9gative. C&#8217;est pourquoi le CFC fait appel \u00e0 Stefano Melani pour tous les castings, les s\u00e9lections et la v\u00e9rification approfondie des CV, des formations et des comp\u00e9tences techniques de l&#8217;\u00e9quipe. Notre directeur poss\u00e8de une vaste exp\u00e9rience dans la mode, le cin\u00e9ma et le th\u00e9\u00e2tre et est en mesure de garantir tous les standards, et notamment les plus \u00e9lev\u00e9s. Les d\u00e9tails qui distinguent nos productions sont le fruit de plusieurs d\u00e9cennies d&#8217;exp\u00e9rience.<\/span><\/em><\/p>\n<p>[\/vc_column_text][\/vc_column][\/vc_row]<\/p>\n<\/div>","protected":false},"excerpt":{"rendered":"<p>[vc_row][vc_column width=&#8221;1\/2&#8243;][vc_column_text css=&#8221;&#8221;] Casino and Poker Dealers Service A selected quality Casino Staff from Table Games Dealer to Managers and Texas Hold&#8217;em Poker Dealers Team, provided<span class=\"excerpt-hellip\"> [\u2026]<\/span><\/p>\n","protected":false},"author":1,"featured_media":0,"parent":1828,"menu_order":0,"comment_status":"closed","ping_status":"closed","template":"","meta":{"footnotes":""},"class_list":["post-1851","page","type-page","status-publish","hentry"],"yoast_head":"<!-- This site is optimized with the Yoast SEO plugin v27.2 - https:\/\/yoast.com\/product\/yoast-seo-wordpress\/ -->\n<title>Croupiers &amp; Casino Dealers - Centro Formazione Croupier<\/title>\n<meta name=\"description\" content=\"The first Agency of Poker Dealers in USA, Europe all around the world, Croupiers poker dealer service 24h hotels villas private privacy high level professionals top dealers VIP service concierge casino yachts jet limousine\" \/>\n<meta name=\"robots\" content=\"index, follow, max-snippet:-1, max-image-preview:large, max-video-preview:-1\" \/>\n<link rel=\"canonical\" href=\"https:\/\/croupiers.com\/en\/casino-service\/croupiers-dealers\/\" \/>\n<meta property=\"og:locale\" content=\"en_US\" \/>\n<meta property=\"og:type\" content=\"article\" \/>\n<meta property=\"og:title\" content=\"Croupiers &amp; Casino Dealers - Centro Formazione Croupier\" \/>\n<meta property=\"og:description\" content=\"The first Agency of Poker Dealers in USA, Europe all around the world, Croupiers poker dealer service 24h hotels villas private privacy high level professionals top dealers VIP service concierge casino yachts jet limousine\" \/>\n<meta property=\"og:url\" content=\"https:\/\/croupiers.com\/en\/casino-service\/croupiers-dealers\/\" \/>\n<meta property=\"og:site_name\" content=\"Centro Formazione Croupier\" \/>\n<meta property=\"article:modified_time\" content=\"2026-04-13T18:36:50+00:00\" \/>\n<meta name=\"twitter:card\" content=\"summary_large_image\" \/>\n<meta name=\"twitter:label1\" content=\"Est. reading time\" \/>\n\t<meta name=\"twitter:data1\" content=\"3 minutes\" \/>\n<script type=\"application\/ld+json\" class=\"yoast-schema-graph\">{\"@context\":\"https:\/\/schema.org\",\"@graph\":[{\"@type\":\"WebPage\",\"@id\":\"https:\/\/croupiers.com\/en\/casino-service\/croupiers-dealers\/\",\"url\":\"https:\/\/croupiers.com\/en\/casino-service\/croupiers-dealers\/\",\"name\":\"Croupiers & Casino Dealers - Centro Formazione Croupier\",\"isPartOf\":{\"@id\":\"https:\/\/croupiers.com\/en\/#website\"},\"datePublished\":\"2020-01-31T11:11:57+00:00\",\"dateModified\":\"2026-04-13T18:36:50+00:00\",\"description\":\"The first Agency of Poker Dealers in USA, Europe all around the world, Croupiers poker dealer service 24h hotels villas private privacy high level professionals top dealers VIP service concierge casino yachts jet limousine\",\"breadcrumb\":{\"@id\":\"https:\/\/croupiers.com\/en\/casino-service\/croupiers-dealers\/#breadcrumb\"},\"inLanguage\":\"en-US\",\"potentialAction\":[{\"@type\":\"ReadAction\",\"target\":[\"https:\/\/croupiers.com\/en\/casino-service\/croupiers-dealers\/\"]}]},{\"@type\":\"BreadcrumbList\",\"@id\":\"https:\/\/croupiers.com\/en\/casino-service\/croupiers-dealers\/#breadcrumb\",\"itemListElement\":[{\"@type\":\"ListItem\",\"position\":1,\"name\":\"Home\",\"item\":\"https:\/\/croupiers.com\/en\/\"},{\"@type\":\"ListItem\",\"position\":2,\"name\":\"Casino Service\",\"item\":\"https:\/\/croupiers.com\/en\/casino-concierge-service-rent-poker-weddings\/\"},{\"@type\":\"ListItem\",\"position\":3,\"name\":\"Croupiers &#038; Casino Dealers\"}]},{\"@type\":\"WebSite\",\"@id\":\"https:\/\/croupiers.com\/en\/#website\",\"url\":\"https:\/\/croupiers.com\/en\/\",\"name\":\"Centro Formazione Croupier\",\"description\":\"Scuola Croupier Internazionale. Corsi Croupier E Dealer A Milano - Roma - Torino - Abano Terme\",\"potentialAction\":[{\"@type\":\"SearchAction\",\"target\":{\"@type\":\"EntryPoint\",\"urlTemplate\":\"https:\/\/croupiers.com\/en\/?s={search_term_string}\"},\"query-input\":{\"@type\":\"PropertyValueSpecification\",\"valueRequired\":true,\"valueName\":\"search_term_string\"}}],\"inLanguage\":\"en-US\"}]}<\/script>\n<!-- \/ Yoast SEO plugin. -->","yoast_head_json":{"title":"Croupiers & Casino Dealers - Centro Formazione Croupier","description":"The first Agency of Poker Dealers in USA, Europe all around the world, Croupiers poker dealer service 24h hotels villas private privacy high level professionals top dealers VIP service concierge casino yachts jet limousine","robots":{"index":"index","follow":"follow","max-snippet":"max-snippet:-1","max-image-preview":"max-image-preview:large","max-video-preview":"max-video-preview:-1"},"canonical":"https:\/\/croupiers.com\/en\/casino-service\/croupiers-dealers\/","og_locale":"en_US","og_type":"article","og_title":"Croupiers & Casino Dealers - Centro Formazione Croupier","og_description":"The first Agency of Poker Dealers in USA, Europe all around the world, Croupiers poker dealer service 24h hotels villas private privacy high level professionals top dealers VIP service concierge casino yachts jet limousine","og_url":"https:\/\/croupiers.com\/en\/casino-service\/croupiers-dealers\/","og_site_name":"Centro Formazione Croupier","article_modified_time":"2026-04-13T18:36:50+00:00","twitter_card":"summary_large_image","twitter_misc":{"Est. reading time":"3 minutes"},"schema":{"@context":"https:\/\/schema.org","@graph":[{"@type":"WebPage","@id":"https:\/\/croupiers.com\/en\/casino-service\/croupiers-dealers\/","url":"https:\/\/croupiers.com\/en\/casino-service\/croupiers-dealers\/","name":"Croupiers & Casino Dealers - Centro Formazione Croupier","isPartOf":{"@id":"https:\/\/croupiers.com\/en\/#website"},"datePublished":"2020-01-31T11:11:57+00:00","dateModified":"2026-04-13T18:36:50+00:00","description":"The first Agency of Poker Dealers in USA, Europe all around the world, Croupiers poker dealer service 24h hotels villas private privacy high level professionals top dealers VIP service concierge casino yachts jet limousine","breadcrumb":{"@id":"https:\/\/croupiers.com\/en\/casino-service\/croupiers-dealers\/#breadcrumb"},"inLanguage":"en-US","potentialAction":[{"@type":"ReadAction","target":["https:\/\/croupiers.com\/en\/casino-service\/croupiers-dealers\/"]}]},{"@type":"BreadcrumbList","@id":"https:\/\/croupiers.com\/en\/casino-service\/croupiers-dealers\/#breadcrumb","itemListElement":[{"@type":"ListItem","position":1,"name":"Home","item":"https:\/\/croupiers.com\/en\/"},{"@type":"ListItem","position":2,"name":"Casino Service","item":"https:\/\/croupiers.com\/en\/casino-concierge-service-rent-poker-weddings\/"},{"@type":"ListItem","position":3,"name":"Croupiers &#038; Casino Dealers"}]},{"@type":"WebSite","@id":"https:\/\/croupiers.com\/en\/#website","url":"https:\/\/croupiers.com\/en\/","name":"Centro Formazione Croupier","description":"Scuola Croupier Internazionale. Corsi Croupier E Dealer A Milano - Roma - Torino - Abano Terme","potentialAction":[{"@type":"SearchAction","target":{"@type":"EntryPoint","urlTemplate":"https:\/\/croupiers.com\/en\/?s={search_term_string}"},"query-input":{"@type":"PropertyValueSpecification","valueRequired":true,"valueName":"search_term_string"}}],"inLanguage":"en-US"}]}},"_links":{"self":[{"href":"https:\/\/croupiers.com\/en\/wp-json\/wp\/v2\/pages\/1851","targetHints":{"allow":["GET"]}}],"collection":[{"href":"https:\/\/croupiers.com\/en\/wp-json\/wp\/v2\/pages"}],"about":[{"href":"https:\/\/croupiers.com\/en\/wp-json\/wp\/v2\/types\/page"}],"author":[{"embeddable":true,"href":"https:\/\/croupiers.com\/en\/wp-json\/wp\/v2\/users\/1"}],"replies":[{"embeddable":true,"href":"https:\/\/croupiers.com\/en\/wp-json\/wp\/v2\/comments?post=1851"}],"version-history":[{"count":23,"href":"https:\/\/croupiers.com\/en\/wp-json\/wp\/v2\/pages\/1851\/revisions"}],"predecessor-version":[{"id":10205,"href":"https:\/\/croupiers.com\/en\/wp-json\/wp\/v2\/pages\/1851\/revisions\/10205"}],"up":[{"embeddable":true,"href":"https:\/\/croupiers.com\/en\/wp-json\/wp\/v2\/pages\/1828"}],"wp:attachment":[{"href":"https:\/\/croupiers.com\/en\/wp-json\/wp\/v2\/media?parent=1851"}],"curies":[{"name":"wp","href":"https:\/\/api.w.org\/{rel}","templated":true}]}}