{"id":2003,"date":"2020-02-03T14:50:07","date_gmt":"2020-02-03T13:50:07","guid":{"rendered":"https:\/\/croupiers.com\/?page_id=2003"},"modified":"2026-03-25T17:23:52","modified_gmt":"2026-03-25T16:23:52","slug":"job-career-casino-staff","status":"publish","type":"page","link":"https:\/\/croupiers.com\/en\/job-career-casino-staff\/","title":{"rendered":"Casino Career Job"},"content":{"rendered":"<div class=\"wpb-content-wrapper\"><p>[vc_row][vc_column width=&#8221;1\/2&#8243;][vc_column_text css=&#8221;&#8221;]<\/p>\n<h3><strong>Your Future Start Here ! <\/strong><\/h3>\n<p><strong>Since 1991 the oldest Casino Academy in Europe<\/strong><\/p>\n<p>Save Your time and your money about our services<br \/>\nA large number of Casinos Companies hiring staff with us daily.<br \/>\nSet up your new career in the casino industry in 6-8 weeks training.<br \/>\nLicence and job placement 100% land-based or maritime.<\/p>\n<p>18-21 years old minimum : different from Countries<\/p>\n<p>Pit Casino Staff Educations international programs. Global recruitment and career support forever. Over 35 years in the Casino world.<\/p>\n<p>Casino emploi, le site de recruitment pour Casinos, clubs<br \/>\nVous \u00eates \u00e0 la recherche d&#8217;un <em>emploi<\/em> : <em>Casino<\/em> De Jeux ?[\/vc_column_text][\/vc_column][vc_column width=&#8221;1\/2&#8243;][vc_gallery type=&#8221;flexslider_slide&#8221; interval=&#8221;3&#8243; images=&#8221;6823,7043,10144,6656&#8243; img_size=&#8221;medium&#8221; css_animation=&#8221;rotateIn&#8221; css=&#8221;&#8221;][\/vc_column][\/vc_row][vc_row css=&#8221;.vc_custom_1580737050468{background-color: #eaeaea !important;}&#8221;][vc_column width=&#8221;1\/2&#8243;][vc_single_image image=&#8221;6545&#8243; img_size=&#8221;full&#8221; alignment=&#8221;center&#8221; css=&#8221;&#8221;][\/vc_column][vc_column width=&#8221;1\/2&#8243;][vc_column_text css=&#8221;&#8221;]<strong>We support Your career forever :<\/strong><br \/>\nWe relocate you in a different place when you need to grow up your level ;<br \/>\nWe collaborate in this Country :<br \/>\nSwitzerland,\u00a0Spain, UK, Franca, Greece, Belgiium-Brussels, Holland,<br \/>\nMorocco,Malta, Ireland, Caribbean, South America, Ships&#8230;.<br \/>\nSalary conditions depending of your ability and wich area you are employed<\/p>\n<p>What are you waiting for ?<\/p>\n<p>Become a dealer in a Casino ![\/vc_column_text][\/vc_column][\/vc_row][vc_row][vc_column width=&#8221;1\/2&#8243;][vc_column_text css=&#8221;&#8221;]Our courses will be autorized by the Gambling Commission with an official<strong>\u00a0PFL\u00a0<\/strong>(+185,00 GBP) (UK only)<br \/>\nWe support You for burocratics and automatic applications, documents, autorizations and other.<br \/>\nWe prepare You how prepare your interview and table test with a Casinos with an accurate and high quality training school focused in all primary aspects of the Gaming floor.[\/vc_column_text][\/vc_column][vc_column width=&#8221;1\/2&#8243;][vc_single_image image=&#8221;9681&#8243; img_size=&#8221;full&#8221; alignment=&#8221;center&#8221; css_animation=&#8221;lightSpeedIn&#8221; css=&#8221;&#8221;][\/vc_column][\/vc_row][vc_row css=&#8221;.vc_custom_1580737050468{background-color: #eaeaea !important;}&#8221;][vc_column width=&#8221;1\/2&#8243;][vc_single_image image=&#8221;2007&#8243; img_size=&#8221;full&#8221; alignment=&#8221;center&#8221;][\/vc_column][vc_column width=&#8221;1\/2&#8243;][vc_column_text]This is the Saverio&#8217;s history and\u00a0<a href=\"https:\/\/www.facebook.com\/media\/set\/?set=a.479626715416283.109590.142259162486375&amp;type=3\" target=\"_blank\" rel=\"noopener noreferrer\">his pictures &#8230;<\/a>\u00a0and\u00a0<strong><a href=\"https:\/\/www.facebook.com\/media\/set\/?set=a.508876215824666.1073741826.142259162486375&amp;type=1\" target=\"_blank\" rel=\"noopener noreferrer\">Nicola\u00a0<\/a><\/strong><strong>,<br \/>\n<\/strong><strong>Stefano<\/strong><strong>\u00a0and many more..<\/strong>.<br \/>\nRecruitment of students is provided by Stefano Melani.<br \/>\nCroupier School &#8211; Scuola Croupier see also\u00a0<a href=\"http:\/\/www.youtube.com\/watch?v=0wPEL5_gSkQ&amp;list=UU8XixQ490TdCj8bVJBIz4Ug&amp;index=1\" target=\"_blank\" rel=\"noopener noreferrer\">\u00a0onYoutube<br \/>\nleggi Panorama agosto 2013<\/a>[\/vc_column_text][\/vc_column][\/vc_row][vc_row][vc_column width=&#8221;1\/2&#8243;][vc_column_text]God bless you and Marcello !!<br \/>\nCroupier in London at first Table test !<br \/>\nThank you \u00a0!!!Grazie di tutto \u2665\u2665\u2665<\/p>\n<p>Andreea[\/vc_column_text][\/vc_column][vc_column width=&#8221;1\/2&#8243;][vc_single_image image=&#8221;9762&#8243; img_size=&#8221;medium&#8221; alignment=&#8221;center&#8221; css_animation=&#8221;fadeInLeft&#8221; css=&#8221;&#8221;][\/vc_column][\/vc_row][vc_row css=&#8221;.vc_custom_1580737050468{background-color: #eaeaea !important;}&#8221;][vc_column width=&#8221;1\/2&#8243;][vc_single_image image=&#8221;9603&#8243; img_size=&#8221;full&#8221; alignment=&#8221;center&#8221; css=&#8221;&#8221;][\/vc_column][vc_column width=&#8221;1\/2&#8243;][vc_column_text]Dear Stefano<br \/>\nnow I live in Luton &#8230;.una citt\u00e0 a 20 minuti da Londra e lavoro al Circus Casino della Genting,sono riuscito a realizzare il mio sognio,ho imparato l&#8217;inglese ma sopratutto sono diventato finalmente un croupier,tutto questo grazie a voi e alla vostra scuola,mi avete dato una formazione perfetta,su tutti i giochi,quando ho fatto il table test,sono rimasti tutti a bocca aperta e mi hanno chiesto dove avessi fatto il corso,perch\u00e8 per essere alla prima esperienza ero veramente molto bravo,io ho semplicemente risposto:&#8221;ho avuto degli ottimi insegnianti CENTRO FORMAZIONE CROUPIERS la migliore scuola italiana&#8221;,pensa tu che solitamente ti fanno aspettare almeno qualche giorno per darti la risposta positiva o negativa che sia,a me la sera stessa hanno dato il lavoro.<br \/>\nCENTRO FORMAZIONE CROUPIER semplicemente il TOP\u00a0 \ud83d\ude42<br \/>\nCordiali saluti Nicola.<br \/>\n(ORA LAVORA A LONDRA ALLA GENTING MAYFAIR)[\/vc_column_text][\/vc_column][\/vc_row][vc_row][vc_column width=&#8221;1\/2&#8243;][vc_column_text]<strong>Daniele e Francesco<\/strong><\/p>\n<p><strong>Siamo a lavorare al Casin\u00f2 di Venezia<\/strong>[\/vc_column_text][\/vc_column][vc_column width=&#8221;1\/2&#8243;][vc_single_image image=&#8221;915&#8243; img_size=&#8221;full&#8221; alignment=&#8221;center&#8221;][\/vc_column][\/vc_row][vc_row css=&#8221;.vc_custom_1580737050468{background-color: #eaeaea !important;}&#8221;][vc_column width=&#8221;1\/2&#8243;][vc_single_image image=&#8221;2009&#8243; img_size=&#8221;full&#8221; alignment=&#8221;center&#8221;][\/vc_column][vc_column width=&#8221;1\/2&#8243;][vc_column_text]<strong>Filippo<\/strong><\/p>\n<p>Ciao Ragazzi! Ci siamo! Ho debuttato come croupier ieri sera !!Sono felicissimo&#8230;Ho fatto subito la roulette e il black jack e mi sono divertito.A parte i primi dieci\u00a0minuti che ho tremato e sudato come una foglia poi sono andato bene.\u00a0Ringrazio di cuore Stefano e Marco\u00a0per avermi inserito in questo bellissimo casin\u00f2 qui a Zurigo. La paga \u00e8 ottima e l&#8217;ambiente \u00e8\u00a0molto professionale.\u00a0La prossima settimana passo a Milano..Un abbraccio[\/vc_column_text][\/vc_column][\/vc_row][vc_row][vc_column width=&#8221;1\/2&#8243;][vc_column_text]<strong>Nicola<\/strong>\u00a0, Nik<\/p>\n<p>Ciao Stefano,tutto ok?<br \/>\nTi scrivo per ringraziarti nuovamente per l&#8217;insegnamento che mi hai dato e la formazione ottima che ho ricevuto dal CFC.<br \/>\nSe non avessi fatto il corso per croupier non avrei mai avuto la possibilita&#8217; di andarmene dall&#8217;italia,conoscere l&#8217;inghilterra e<br \/>\nimparare perfettamente l&#8217;inglese ed ora dopo avere passato l&#8217;intervista con la Royal Carribean ho la possibilita&#8217;di girare il mondo<br \/>\ne andare in posti che fino all&#8217;altro giorno\u00a0vedevo solo in cartolina.<br \/>\nSto&#8217;aspettando il visto per gli USA e a fine luglio volo a Miami e mi imbarco per i caraibi&#8230;&#8230;lavoro duro ma soddisfazione tanta.<br \/>\nGrazie ancora e ci si vede presto,ciao Nicola.<br \/>\nP.S.ho passato l&#8217;intervista e il table test solo perche&#8217;ho messo in pratica gli insegnamenti e lo stile insegnatomi al CFC, sono<br \/>\nstato l&#8217;unico italiano\u00a0assunto\u00a0tra tanti altri provenienti da altre scuole&#8230;.CFC forever\u00a0 :-)[\/vc_column_text][\/vc_column][vc_column width=&#8221;1\/2&#8243;][vc_single_image image=&#8221;923&#8243; img_size=&#8221;full&#8221; alignment=&#8221;center&#8221;][\/vc_column][\/vc_row][vc_row css=&#8221;.vc_custom_1580737050468{background-color: #eaeaea !important;}&#8221;][vc_column width=&#8221;1\/2&#8243;][vc_single_image image=&#8221;9610&#8243; img_size=&#8221;medium&#8221; alignment=&#8221;center&#8221; css_animation=&#8221;zoomInLeft&#8221; css=&#8221;&#8221;][\/vc_column][vc_column width=&#8221;1\/2&#8243;][vc_column_text css=&#8221;&#8221;]<strong>Tania<\/strong><\/p>\n<p>Buonasera Stefano ,ieri ho fatto il table test presso l&#8217;electric*** casino di **** (uk) e l&#8217;ho passato con eccellenza.<br \/>\nE&#8217; stata una forte emozione \u00a0tutt&#8217;ora rimasta,finalmente il mio sogno si e&#8217; avverato grazie a voi.<br \/>\nIniziero&#8217; dalla prossima settimana.<\/p>\n<p>Un Abbraccio[\/vc_column_text][\/vc_column][\/vc_row][vc_row][vc_column width=&#8221;1\/2&#8243;][vc_column_text]<strong>Marina:<\/strong><\/p>\n<p>Gent.mi , Vi ringrazio ancora per avermi inserito in questo Casin\u00f2 , all&#8217;inizio \u00e8 stata un p\u00f2 dura ma adesso sono contenta di aver fatto questa scelta e Vi ringrazio per la Vostra infinita gentilezza e disponibilit\u00e0!<\/p>\n<p><strong>Alessandra<\/strong><\/p>\n<p>Carissimi Stefano &amp; Marco, come avevate previsto sono diventata una croupier a tutti gli effetti e questo lo devo a Voi ed alla Vostra Scuola, Grazie per avermi aiutata e guidata fino ad ora in questo splendido mondo![\/vc_column_text][\/vc_column][vc_column width=&#8221;1\/2&#8243;][vc_single_image image=&#8221;2015&#8243; img_size=&#8221;full&#8221; alignment=&#8221;center&#8221;][\/vc_column][\/vc_row][vc_row css=&#8221;.vc_custom_1580737050468{background-color: #eaeaea !important;}&#8221;][vc_column width=&#8221;1\/2&#8243;][vc_single_image image=&#8221;9589&#8243; img_size=&#8221;medium&#8221; alignment=&#8221;center&#8221; css_animation=&#8221;rotateIn&#8221; css=&#8221;&#8221;][\/vc_column][vc_column width=&#8221;1\/2&#8243;][vc_column_text]<strong>Irina<\/strong><\/p>\n<p>Spett.le Centro Formazione Croupier, Vi scrivo per ringraziarVi di cuore per avermi fatto realizzare il sogno della mia vita!!! Sono felice di essere riuscita a fare questo splendido lavoro!<br \/>\nCi vediamo a Londra in fiera![\/vc_column_text][\/vc_column][\/vc_row][vc_row][vc_column width=&#8221;1\/2&#8243;][vc_column_text]<strong>Stefano e Luca :<\/strong>\u00a0Ciao Stefano ,ieri ho fatto colloquio con Domenic piu la parte pratica con un altro ragazzo e sono andati bene entrambi.Oggi inizio a fare il training e i documenti e max 5 settimane avr\u00f2 la licenza&#8230;.e inizio a lavorare al Casin\u00f2!!!!\u00a0Ci sono posti di lavoro a northampton , leicester e bournemouth , ora vedo un po qual \u00e8 piu conveniente.\u00a0Siete ancora a Messina? com \u00e8 andata?[\/vc_column_text][\/vc_column][vc_column width=&#8221;1\/2&#8243;][vc_single_image image=&#8221;771&#8243; img_size=&#8221;full&#8221; alignment=&#8221;center&#8221;][\/vc_column][\/vc_row][vc_row css=&#8221;.vc_custom_1580737050468{background-color: #eaeaea !important;}&#8221;][vc_column width=&#8221;1\/2&#8243;][vc_single_image image=&#8221;2017&#8243; img_size=&#8221;full&#8221; alignment=&#8221;center&#8221;][\/vc_column][vc_column width=&#8221;1\/2&#8243;][vc_column_text]<strong>ANDREA<\/strong><\/p>\n<p>Spett.le Centro Formazione Croupier Srl Vi scrivo questa e-mail per Ringraziare davvero di cuore tutto lo staff e la struttura per\u00a0la pazienza e la gentile disponibilit\u00e0 che mi avete sempre dimostrato e per avermi\u00a0aiutato nel realizzare il mio sogno di lavorare a Londra.\u00a0Ho imparato il gioco dei dadi e se penso che quando ero venuto il primo giorno a scuola non sapevo neanche giocare a Briscola&#8230;.adesso sono croupier di 1 categoria e sono felicissimo, mi diverto proprio tanto a fare questo lavoro e guadagno abbastanza bene&#8230;pecato per il clima ma non si pu\u00f2 avere tutto \ud83d\ude42 Ci vediamo presto![\/vc_column_text][\/vc_column][\/vc_row][vc_row][vc_column width=&#8221;1\/2&#8243;][vc_column_text]<strong>Alessio<\/strong><\/p>\n<p>Ehi ragazzi come va?<br \/>\nE&#8217; da tempo che non ci sentiamo, l&#8217;ultima volta \u00e8 stato quando mi hanno chiamato per quel colloquio in Lituania per le navi da crociera.Come sapete, mi hanno preso, e adesso ho un contratto di 6 mesi per la Carnival Corporatio, la quale possiede diversi casin\u00f2 in altre compagnie (Carnival, Cunard, Princess, P&amp;O UK, P&amp;O Australia, Costa Crociere, Ocean Village e altre che non ricordo al momento).Finalmente la mia avventura come croupier \u00e8 iniziata su questa nave, la P&amp;O UK &#8220;Oriana&#8221;.Il casin\u00f2 \u00e8 davvero piccolo, forse il pi\u00f9 piccolo di tutta la flotta Carnival; abbiamo 3 tavoli (RW BJ e Three Card Poker) e 18 slot machines. Inoltre ora sto facendo anche il Bingo e l&#8217;Horse Race, per ogni sessione che faccio sono soldi extra ;).Devo dire la verit\u00e0, che all&#8217;inizio, la prima settimana \u00e8 stata davvero dura, non so se per gli altri \u00e8 stato lo stesso.Mi ci \u00e8 voluto un po&#8217; per tornare ai ritmi di un tempo che avevo a scuola.Per il resto ora va alla grande: al tavolo gli errori sono pochi, lo staff del casin\u00f2 (3 dealer, 1 dealer cassiere, 1 manager) sono bravi e simpatici, sto viaggiando intorno al mondo e il denaro non manca .Vi scrivo questa email, Marco e Stefano, per ringraziarvi sinceramente per tutto quello che mi avete insegnato e per tutti i momenti belli che abbiamo passato in passato a scuola e a lavoro.Se sono qui a fare questo lavoro che ho desiderato fare da tempo, \u00e8 merito vostro ragazzi \ud83d\ude42<br \/>\nVi allego questa foto di me a Waikiki Beach, nelle Hawaii.Ciao uaglioni!![\/vc_column_text][\/vc_column][vc_column width=&#8221;1\/2&#8243;][vc_gallery type=&#8221;flexslider_slide&#8221; interval=&#8221;3&#8243; images=&#8221;7186,7188,7184,7013&#8243; img_size=&#8221;medium&#8221; css_animation=&#8221;flipInX&#8221; css=&#8221;&#8221;][\/vc_column][\/vc_row][vc_row css=&#8221;.vc_custom_1580737050468{background-color: #eaeaea !important;}&#8221;][vc_column width=&#8221;1\/2&#8243;][vc_single_image image=&#8221;961&#8243; img_size=&#8221;full&#8221; alignment=&#8221;center&#8221;][\/vc_column][vc_column width=&#8221;1\/2&#8243;][vc_column_text]<strong>Roberto<\/strong><\/p>\n<p>Buongiorno da Miami !! Sole, spiagge e la sera al lavoro ai tavoli da gioco! E&#8217; un&#8217;esperienza di vita che non dimenticher\u00f2, il lavoro \u00e8 molto affascinante e\u00a0professionale e mi sento finalmente realizzato.Un\u00a0grazie a tutta la Scuola e appena torno passo a salutarvi. &#8230; \u00a0ciaoo![\/vc_column_text][\/vc_column][\/vc_row][vc_row][vc_column width=&#8221;1\/2&#8243;][vc_column_text]<strong>Paolo<\/strong>: Ciao Stefano,\u00a0Ieri ho fatto il colloquio a Stockport (10 min da Manchester dove mi avete indirizzato), e mi hanno preso&#8230;inizio mercoled\u00ec questo&#8230;Grazie mille di tutto, per la disponibilit\u00e0, professionalit\u00e0 e per avermi fornito la possibilit\u00e0 di realizzare il mio sogno.\u00a0Grazie ancora.[\/vc_column_text][\/vc_column][vc_column width=&#8221;1\/2&#8243;][vc_single_image image=&#8221;971&#8243; img_size=&#8221;full&#8221; alignment=&#8221;center&#8221;][\/vc_column][\/vc_row][vc_row css=&#8221;.vc_custom_1580737050468{background-color: #eaeaea !important;}&#8221;][vc_column width=&#8221;1\/2&#8243;][vc_single_image image=&#8221;935&#8243; img_size=&#8221;full&#8221; alignment=&#8221;center&#8221;][\/vc_column][vc_column width=&#8221;1\/2&#8243;][vc_column_text]<strong>Loredana:<\/strong>\u00a0Ciao Stefano!!! volevo ringraziarti perch\u00e8 se sono qui lo devo a te.. sono contenta di averti conosciuto! e Grazie anche a Marco per avermi formata e sopportata per lunghi mesi..! Quindi Grazie ai due fratelli un bacio ad entrambi![\/vc_column_text][\/vc_column][\/vc_row][vc_row][vc_column width=&#8221;1\/2&#8243;][vc_column_text]<strong>Giulia<\/strong><\/p>\n<p>Ciao Maestro!!! I primi giorni sono stati a dir poco &#8220;agitati&#8221;&#8230;:-) Adesso per\u00f2 va&#8217; molto meglio siamo arrivati ai caraibi dopo la traversata e ogni giorno la nave si ferma in una spiaggia diversa&#8230;le mance sono aumentate notevolmente con l&#8217;arrivo dei giocatori americani e facciamo in media 5-600 a crociera ma sinceramente dei soldi mi preoccupo poco perch\u00e8 l&#8217;esperienza \u00e8 fantastica e anche gli altri ragazzi qui con me sono entusiasti. Ti aggiorno presto, per favore salutami Stefano, la Dottoressa e tutto il Vostro gentilissimo staff.[\/vc_column_text][\/vc_column][vc_column width=&#8221;1\/2&#8243;][vc_single_image image=&#8221;911&#8243; img_size=&#8221;full&#8221; alignment=&#8221;center&#8221;][\/vc_column][\/vc_row][vc_row css=&#8221;.vc_custom_1580737050468{background-color: #eaeaea !important;}&#8221;][vc_column width=&#8221;1\/2&#8243;][vc_single_image image=&#8221;937&#8243; img_size=&#8221;full&#8221; alignment=&#8221;center&#8221;][\/vc_column][vc_column width=&#8221;1\/2&#8243;][vc_column_text]<strong>Francesco<\/strong><\/p>\n<p>Spett.le Centro Formazione Croupier, Vi scrivo per ringraziarVi di cuore per avermi fatto realizzare il sogno della mia vita!!! Sono felice di essere riuscito a fare questo splendido lavoro! Ci vediamo a Londra in fiera![\/vc_column_text][\/vc_column][\/vc_row][vc_row][vc_column width=&#8221;1\/2&#8243;][vc_column_text]<strong>Luigi e Giacomo<\/strong><\/p>\n<p>Siamo passati da Rodi a Malta, la Grecia un p\u00f2 ci manca ma qui si sta veramente bene.<br \/>\nC&#8217;\u00e8 sempre il sole, l&#8217;isola \u00e8 piena di giovani e di vita. Ottima scelta<\/p>\n<p>Grazie a tutti[\/vc_column_text][\/vc_column][vc_column width=&#8221;1\/2&#8243;][vc_single_image image=&#8221;939&#8243; img_size=&#8221;full&#8221; alignment=&#8221;center&#8221;][\/vc_column][\/vc_row][vc_row css=&#8221;.vc_custom_1580737050468{background-color: #eaeaea !important;}&#8221;][vc_column width=&#8221;1\/2&#8243;][vc_single_image image=&#8221;955&#8243; img_size=&#8221;full&#8221; alignment=&#8221;center&#8221;][\/vc_column][vc_column width=&#8221;1\/2&#8243;][vc_column_text]<strong>MARCO<\/strong><\/p>\n<p>Carissimi Stefano &amp; Marco, come avevate previsto sono diventato un croupier a tutti gli effetti e questo lo devo a Voi ed alla Vostra Scuola, Grazie per avermi aiutato e guidato fino ad ora in questo splendido mondo![\/vc_column_text][\/vc_column][\/vc_row][vc_row][vc_column width=&#8221;1\/2&#8243;][vc_column_text]<strong>Jenny<\/strong><\/p>\n<p>Mi ritrovo ANCORA a ringraziarvi per avermi ricollocato per l&#8217;ennesima volta&#8230;Grazie Stefano ti mando un bacione e salutami tutti![\/vc_column_text][\/vc_column][vc_column width=&#8221;1\/2&#8243;][vc_single_image image=&#8221;958&#8243; img_size=&#8221;full&#8221; alignment=&#8221;center&#8221;][\/vc_column][\/vc_row][vc_row css=&#8221;.vc_custom_1580737050468{background-color: #eaeaea !important;}&#8221;][vc_column width=&#8221;1\/2&#8243;][vc_single_image image=&#8221;1995&#8243; img_size=&#8221;full&#8221; alignment=&#8221;center&#8221;][\/vc_column][vc_column width=&#8221;1\/2&#8243;][vc_column_text]<strong>Marcella<\/strong><\/p>\n<p>Eccomi qua&#8230;ce l&#8217;ho fattaaaaaaa&#8230;mi hanno assunta !!<\/p>\n<p>GRAZIEEEE[\/vc_column_text][\/vc_column][\/vc_row]<\/p>\n<\/div>","protected":false},"excerpt":{"rendered":"<p>[vc_row][vc_column width=&#8221;1\/2&#8243;][vc_column_text css=&#8221;&#8221;] Your Future Start Here ! Since 1991 the oldest Casino Academy in Europe Save Your time and your money about our services A<span class=\"excerpt-hellip\"> [\u2026]<\/span><\/p>\n","protected":false},"author":1,"featured_media":-1,"parent":0,"menu_order":0,"comment_status":"closed","ping_status":"closed","template":"","meta":{"footnotes":""},"class_list":["post-2003","page","type-page","status-publish","has-post-thumbnail","hentry"],"yoast_head":"<!-- This site is optimized with the Yoast SEO plugin v27.2 - https:\/\/yoast.com\/product\/yoast-seo-wordpress\/ -->\n<title>Casino Career Job - Centro Formazione Croupier<\/title>\n<meta name=\"description\" content=\"Casino Gaming Floor Search Job Staff.Recruitment Become Professional Croupier - Dealer and start your Pit career . World Job opportunities\" \/>\n<meta name=\"robots\" content=\"index, follow, max-snippet:-1, max-image-preview:large, max-video-preview:-1\" \/>\n<link rel=\"canonical\" href=\"https:\/\/croupiers.com\/en\/job-career-casino-staff\/\" \/>\n<meta property=\"og:locale\" content=\"en_US\" \/>\n<meta property=\"og:type\" content=\"article\" \/>\n<meta property=\"og:title\" content=\"Casino Career Job - Centro Formazione Croupier\" \/>\n<meta property=\"og:description\" content=\"Casino Gaming Floor Search Job Staff.Recruitment Become Professional Croupier - Dealer and start your Pit career . World Job opportunities\" \/>\n<meta property=\"og:url\" content=\"https:\/\/croupiers.com\/en\/job-career-casino-staff\/\" \/>\n<meta property=\"og:site_name\" content=\"Centro Formazione Croupier\" \/>\n<meta property=\"article:modified_time\" content=\"2026-03-25T16:23:52+00:00\" \/>\n<meta name=\"twitter:card\" content=\"summary_large_image\" \/>\n<meta name=\"twitter:label1\" content=\"Est. reading time\" \/>\n\t<meta name=\"twitter:data1\" content=\"16 minutes\" \/>\n<script type=\"application\/ld+json\" class=\"yoast-schema-graph\">{\"@context\":\"https:\/\/schema.org\",\"@graph\":[{\"@type\":\"WebPage\",\"@id\":\"https:\/\/croupiers.com\/en\/job-career-casino-staff\/\",\"url\":\"https:\/\/croupiers.com\/en\/job-career-casino-staff\/\",\"name\":\"Casino Career Job - Centro Formazione Croupier\",\"isPartOf\":{\"@id\":\"https:\/\/croupiers.com\/en\/#website\"},\"datePublished\":\"2020-02-03T13:50:07+00:00\",\"dateModified\":\"2026-03-25T16:23:52+00:00\",\"description\":\"Casino Gaming Floor Search Job Staff.Recruitment Become Professional Croupier - Dealer and start your Pit career . World Job opportunities\",\"breadcrumb\":{\"@id\":\"https:\/\/croupiers.com\/en\/job-career-casino-staff\/#breadcrumb\"},\"inLanguage\":\"en-US\",\"potentialAction\":[{\"@type\":\"ReadAction\",\"target\":[\"https:\/\/croupiers.com\/en\/job-career-casino-staff\/\"]}]},{\"@type\":\"BreadcrumbList\",\"@id\":\"https:\/\/croupiers.com\/en\/job-career-casino-staff\/#breadcrumb\",\"itemListElement\":[{\"@type\":\"ListItem\",\"position\":1,\"name\":\"Home\",\"item\":\"https:\/\/croupiers.com\/en\/\"},{\"@type\":\"ListItem\",\"position\":2,\"name\":\"Casino Career Job\"}]},{\"@type\":\"WebSite\",\"@id\":\"https:\/\/croupiers.com\/en\/#website\",\"url\":\"https:\/\/croupiers.com\/en\/\",\"name\":\"Centro Formazione Croupier\",\"description\":\"Scuola Croupier Internazionale. Corsi Croupier E Dealer A Milano - Roma - Torino - Abano Terme\",\"potentialAction\":[{\"@type\":\"SearchAction\",\"target\":{\"@type\":\"EntryPoint\",\"urlTemplate\":\"https:\/\/croupiers.com\/en\/?s={search_term_string}\"},\"query-input\":{\"@type\":\"PropertyValueSpecification\",\"valueRequired\":true,\"valueName\":\"search_term_string\"}}],\"inLanguage\":\"en-US\"}]}<\/script>\n<!-- \/ Yoast SEO plugin. -->","yoast_head_json":{"title":"Casino Career Job - Centro Formazione Croupier","description":"Casino Gaming Floor Search Job Staff.Recruitment Become Professional Croupier - Dealer and start your Pit career . World Job opportunities","robots":{"index":"index","follow":"follow","max-snippet":"max-snippet:-1","max-image-preview":"max-image-preview:large","max-video-preview":"max-video-preview:-1"},"canonical":"https:\/\/croupiers.com\/en\/job-career-casino-staff\/","og_locale":"en_US","og_type":"article","og_title":"Casino Career Job - Centro Formazione Croupier","og_description":"Casino Gaming Floor Search Job Staff.Recruitment Become Professional Croupier - Dealer and start your Pit career . World Job opportunities","og_url":"https:\/\/croupiers.com\/en\/job-career-casino-staff\/","og_site_name":"Centro Formazione Croupier","article_modified_time":"2026-03-25T16:23:52+00:00","twitter_card":"summary_large_image","twitter_misc":{"Est. reading time":"16 minutes"},"schema":{"@context":"https:\/\/schema.org","@graph":[{"@type":"WebPage","@id":"https:\/\/croupiers.com\/en\/job-career-casino-staff\/","url":"https:\/\/croupiers.com\/en\/job-career-casino-staff\/","name":"Casino Career Job - Centro Formazione Croupier","isPartOf":{"@id":"https:\/\/croupiers.com\/en\/#website"},"datePublished":"2020-02-03T13:50:07+00:00","dateModified":"2026-03-25T16:23:52+00:00","description":"Casino Gaming Floor Search Job Staff.Recruitment Become Professional Croupier - Dealer and start your Pit career . World Job opportunities","breadcrumb":{"@id":"https:\/\/croupiers.com\/en\/job-career-casino-staff\/#breadcrumb"},"inLanguage":"en-US","potentialAction":[{"@type":"ReadAction","target":["https:\/\/croupiers.com\/en\/job-career-casino-staff\/"]}]},{"@type":"BreadcrumbList","@id":"https:\/\/croupiers.com\/en\/job-career-casino-staff\/#breadcrumb","itemListElement":[{"@type":"ListItem","position":1,"name":"Home","item":"https:\/\/croupiers.com\/en\/"},{"@type":"ListItem","position":2,"name":"Casino Career Job"}]},{"@type":"WebSite","@id":"https:\/\/croupiers.com\/en\/#website","url":"https:\/\/croupiers.com\/en\/","name":"Centro Formazione Croupier","description":"Scuola Croupier Internazionale. Corsi Croupier E Dealer A Milano - Roma - Torino - Abano Terme","potentialAction":[{"@type":"SearchAction","target":{"@type":"EntryPoint","urlTemplate":"https:\/\/croupiers.com\/en\/?s={search_term_string}"},"query-input":{"@type":"PropertyValueSpecification","valueRequired":true,"valueName":"search_term_string"}}],"inLanguage":"en-US"}]}},"_links":{"self":[{"href":"https:\/\/croupiers.com\/en\/wp-json\/wp\/v2\/pages\/2003","targetHints":{"allow":["GET"]}}],"collection":[{"href":"https:\/\/croupiers.com\/en\/wp-json\/wp\/v2\/pages"}],"about":[{"href":"https:\/\/croupiers.com\/en\/wp-json\/wp\/v2\/types\/page"}],"author":[{"embeddable":true,"href":"https:\/\/croupiers.com\/en\/wp-json\/wp\/v2\/users\/1"}],"replies":[{"embeddable":true,"href":"https:\/\/croupiers.com\/en\/wp-json\/wp\/v2\/comments?post=2003"}],"version-history":[{"count":39,"href":"https:\/\/croupiers.com\/en\/wp-json\/wp\/v2\/pages\/2003\/revisions"}],"predecessor-version":[{"id":10169,"href":"https:\/\/croupiers.com\/en\/wp-json\/wp\/v2\/pages\/2003\/revisions\/10169"}],"wp:featuredmedia":[{"embeddable":true,"href":"https:\/\/croupiers.com\/en\/wp-json\/"}],"wp:attachment":[{"href":"https:\/\/croupiers.com\/en\/wp-json\/wp\/v2\/media?parent=2003"}],"curies":[{"name":"wp","href":"https:\/\/api.w.org\/{rel}","templated":true}]}}